{"id":141,"date":"2020-10-08T09:02:06","date_gmt":"2020-10-08T09:02:06","guid":{"rendered":"https:\/\/www.silmageeli.fi\/?page_id=141"},"modified":"2026-03-31T09:23:31","modified_gmt":"2026-03-31T06:23:31","slug":"anhypro-silmageeli","status":"publish","type":"page","link":"https:\/\/www.silmageeli.fi\/","title":{"rendered":"an-HyPro Silm\u00e4geeli"},"content":{"rendered":"<h2>&#8221;an-HyPro on hyv\u00e4 tuote ja aivan verraton apu, jos lemmikkisi silm\u00e4t vaativat lis\u00e4\u00e4 kosteutta. Suosittelen!&#8221;<\/h2>\n<p><em>P\u00e4ivi Antola, kennel Lumisuden<\/em><\/p>\n<h2>an-HyPro -silm\u00e4geeli<\/h2>\n<ul>\n<li>Tehokasta ja pitk\u00e4vaikutteista hoivaa kaikkien el\u00e4inten silmille.<\/li>\n<li>Korkean viskositeetin ansiosta an-HyPro pysyy silm\u00e4ss\u00e4 paremmin.<\/li>\n<li>an-HyPro sis\u00e4lt\u00e4\u00e4 1,2 % hyaluronihappoa.<\/li>\n<li>an-HyPro on s\u00e4il\u00f6nt\u00e4aineeton ja sill\u00e4 on hyv\u00e4 s\u00e4ilyvyys.<\/li>\n<\/ul>\n<p><a href=\"https:\/\/eyevision.fi\/wp-content\/uploads\/2022\/05\/an-HyPro_esite-2025_2.pdf\" target=\"_blank\" rel=\"noopener\">Lataa an-HyPro esite t\u00e4st\u00e4<\/a><a href=\"https:\/\/shop.eyevision.fi\/tuote-osasto\/yleinen\/an-hypro-silmageeli\/\" target=\"_blank\" rel=\"noopener\"><br \/>Osta an-HyProa verkkokaupastamme<\/a><\/p>\n<p>an-HyPron j\u00e4lleenmyyj\u00e4t l\u00f6ytyv\u00e4t alempaa<\/p>\n<p><img decoding=\"async\" src=\"https:\/\/www.silmageeli.fi\/wp-content\/uploads\/2021\/03\/Taso-0-102x300.png\" sizes=\"(max-width: 102px) 100vw, 102px\" srcset=\"https:\/\/www.silmageeli.fi\/wp-content\/uploads\/2021\/03\/Taso-0-102x300.png 102w, https:\/\/www.silmageeli.fi\/wp-content\/uploads\/2021\/03\/Taso-0.png 306w\" alt=\"an-HyPro Silm\u00e4geeli pullo\" width=\"102\" height=\"300\" \/><\/p>\n<h3>Ominaisuudet<\/h3>\n<h5>Koostumus<\/h5>\n<p>1,2 % hyaluronaattia<br \/>0,1 % L-Glysiini\u00e4<br \/>0,075 % L-Prolinea<br \/>0,01 % L-Lysiini\u00e4<br \/>0,01 % L-Leusiinia<\/p>\n<h5>Pakkauskoko<\/h5>\n<p>7,0 ml pullo<br \/>(taattu m\u00e4\u00e4r\u00e4 5 ml)<\/p>\n<h5>S\u00e4ilytys<\/h5>\n<p>Huoneenl\u00e4mm\u00f6ss\u00e4,<br \/>alle 25\u00b0c, ei saa j\u00e4\u00e4ty\u00e4<\/p>\n<h3>Miksi an-HyPro sis\u00e4lt\u00e4\u00e4 hyaluroni- ja aminohappoja?<\/h3>\n<p>An-HyPro:n sis\u00e4lt\u00e4m\u00e4n hyaluroni- ja aminohappojen muodostaman yhdistelm\u00e4n avulla taataan el\u00e4imen kyynelkalvon toiminta ja sarveiskalvon hyv\u00e4 kosteustasapaino.<\/p>\n<h3>Miten se vaikuttaa?<\/h3>\n<p>An-HyPro on silm\u00e4geeli, joka suojelee silm\u00e4\u00e4 ainutlaatuisella tavalla. An-HyPro muodostaa sarveiskalvolle pitk\u00e4kestoisen suojakalvon, joka tukee sen paranemisprosessia.<\/p>\n<h3>Miten sit\u00e4 k\u00e4ytet\u00e4\u00e4n?<\/h3>\n<p>An-HyPro-silm\u00e4geeli\u00e4 voidaan k\u00e4ytt\u00e4\u00e4 niin usein, kuin on tarpeen. An-HyPro suojaa sarveiskalvoa ep\u00e4puhtauksien, viiman tai kuivuuden aiheuttamilta \u00e4rsykkeilt\u00e4. An-HyPro tarjoaa my\u00f6s pitk\u00e4aikaista apua allergiasta k\u00e4rsiville el\u00e4imille.<\/p>\n<p><img fetchpriority=\"high\" decoding=\"async\" src=\"https:\/\/www.silmageeli.fi\/wp-content\/uploads\/2020\/10\/Pizza-koira.png\" sizes=\"(max-width: 580px) 100vw, 580px\" srcset=\"https:\/\/www.silmageeli.fi\/wp-content\/uploads\/2020\/10\/Pizza-koira.png 609w, https:\/\/www.silmageeli.fi\/wp-content\/uploads\/2020\/10\/Pizza-koira-300x282.png 300w, https:\/\/www.silmageeli.fi\/wp-content\/uploads\/2020\/10\/Pizza-koira-600x565.png 600w\" alt=\"\" width=\"580\" height=\"546\" \/><\/p>\n<h6>PIZZA-KOIRAN TARINA<\/h6>\n<p>L\u00e4hes kaksi vuotta sitten maailmani oli pys\u00e4hty\u00e4: silloin kolmetoistavuotias ven\u00e4j\u00e4ntoytytt\u00f6mme Pizzan silm\u00e4 vaurioitui pahasti. H\u00e4nen toinen silm\u00e4ns\u00e4 oli sokeutunut jo aiemmin.<\/p>\n<p>El\u00e4inten silm\u00e4sairauksien erikoisl\u00e4\u00e4k\u00e4ri antoi silm\u00e4n toipumiselle lohduttoman ennusteen, ja jouduimmekin vakavasti miettim\u00e4\u00e4n rakkaan yst\u00e4v\u00e4mme saattelemista sateenkaarisillan taa. L\u00e4\u00e4k\u00e4ri p\u00e4\u00e4tti kuitenkin jatkaa hoitoa viel\u00e4 muutaman viikon, ja koiramme silm\u00e4 alkoi varovasti toipua. Silm\u00e4 vaati huolellisen kosteutuksen lis\u00e4ksi l\u00e4\u00e4kityst\u00e4 useita kertoja vuorokaudessa.<\/p>\n<p>El\u00e4inl\u00e4\u00e4k\u00e4ri oli m\u00e4\u00e4r\u00e4nnyt kosteutusaineeksi an-HyPro -nimisen valmisteen. Sen etuna oli pitk\u00e4kestoinen, silm\u00e4n kosteana pit\u00e4v\u00e4 vaikutus, eik\u00e4 kyseist\u00e4 ainetta tarvinnut tiputtaa silm\u00e4\u00e4n kuin kaksi kertaa p\u00e4iv\u00e4ss\u00e4. Aine my\u00f6s tuntui ilmeisen hyv\u00e4lt\u00e4 koirammekin mielest\u00e4, sill\u00e4 niin kauniisti h\u00e4n antoi tipan silm\u00e4\u00e4ns\u00e4 laittaa.<\/p>\n<p>Lopulta Pizzan silm\u00e4n vaurio parani, vaikka valitettavasti my\u00f6s t\u00e4m\u00e4 silm\u00e4 sokeutui. Pizza kuitenkin oppi nopeasti luottamaan sek\u00e4 itseens\u00e4 ett\u00e4 meihin ihmisiin. Nyky\u00e4\u00e4n Pizza viett\u00e4\u00e4 ansaittuja el\u00e4kep\u00e4ivi\u00e4\u00e4n \u201dopasihmistens\u00e4\u201d avustuksella.<\/p>\n<p>Sokeuden vuoksi Pizzan silm\u00e4t vaativat nyt jatkuvaa kosteustippojen k\u00e4ytt\u00f6\u00e4, koska h\u00e4n ei r\u00e4pyttele silmi\u00e4\u00e4n riitt\u00e4v\u00e4n usein ja normaalin kyynelnesteen muodostus on v\u00e4hentynyt. Olemme nyt k\u00e4ytt\u00e4neet an-HyPro -silm\u00e4geeli\u00e4 p\u00e4ivitt\u00e4in l\u00e4hes kahden vuoden ajan, ja Pizza el\u00e4\u00e4 l\u00e4hes normaalia koiranel\u00e4m\u00e4\u00e4 sokeudestaan huolimatta.<\/p>\n<p>an-HyPro on hyv\u00e4 tuote ja aivan verraton apu, jos lemmikkisi silm\u00e4t vaativat lis\u00e4\u00e4 kosteutta. Suosittelen!<\/p>\n<p><em>P\u00e4ivi Antola, kennel Lumisuden<\/em><\/p>\n<h2>J\u00e4lleenmyyj\u00e4t<\/h2>\n<p><strong>Apteekit<\/strong><\/p>\n<ul>\n<li><a href=\"https:\/\/www.apteekkishop.fi\" target=\"_blank\" rel=\"noopener\">Apteekkishop.fi, Verkkoapteekki<\/a><\/li>\n<li><a href=\"https:\/\/www.bonusapteekki.fi\" target=\"_blank\" rel=\"noopener\">Bonusapteekki.fi, Verkkoapteekki<\/a><\/li>\n<li><a href=\"https:\/\/www.suoramanapteekki.fi\/fi\/\" target=\"_blank\" rel=\"noopener\">Kangasala: Suoraman apteekki<\/a><\/li>\n<li><a href=\"https:\/\/kauppakeskusveturinapteekki.hyma.fi\/\" target=\"_blank\" rel=\"noopener\">Kuusankoski: Kauppakeskus Veturin apteekki<\/a><\/li>\n<li><a href=\"https:\/\/www.facebook.com\/p\/Porvoon-Vanha-Apteekki-Gamla-Apoteket-i-Borg%C3%A5-100040190477041\/\" target=\"_blank\" rel=\"noopener\">Porvoo: Porvoon Vanha Apteekki<\/a><\/li>\n<li><a href=\"https:\/\/www.taidetehtaanapteekki.fi\/\" target=\"_blank\" rel=\"noopener\">Porvoo: Taidetehtaan Apteekki<\/a><\/li>\n<li><a href=\"https:\/\/www.pieksamaenykkosapteekki.fi\/?\" target=\"_blank\" rel=\"noopener\">Pieks\u00e4m\u00e4ki: Pieks\u00e4m\u00e4en Ykk\u00f6sapteekki<\/a><\/li>\n<li><a href=\"https:\/\/harkatorinapteekki.fi\/\" target=\"_blank\" rel=\"noopener\">Raahe: H\u00e4rk\u00e4torin apteekki<\/a><\/li>\n<li><a href=\"https:\/\/www.lielahdenapteekki.fi\/\" target=\"_blank\" rel=\"noopener\">Tampere: Lielahden apteekki<\/a><\/li>\n<li><a href=\"https:\/\/www.alatornionapteekki.fi\" target=\"_blank\" rel=\"noopener\">Tornio: Alatornion Apteekki<\/a><\/li>\n<li><a href=\"https:\/\/ylojarvi.hyma.fi\/\" target=\"_blank\" rel=\"noopener\">Yl\u00f6j\u00e4rvi: Hyv\u00e4n Mielen apteekki<\/a><\/li>\n<\/ul>\n<p><strong>El\u00e4inl\u00e4\u00e4k\u00e4riasemat<\/strong><\/p>\n<ul>\n<li><a href=\"https:\/\/evidensia.fi\/elainlaakariasema\/espoon-elainsairaala\/\" target=\"_blank\" rel=\"noopener\">Espoo: Espoon El\u00e4insairaala<\/a><\/li>\n<li><a href=\"https:\/\/elainlaakarihamina.fi\/Etusivu\/\" target=\"_blank\" rel=\"noopener\">Hamina: El\u00e4inkoto Oy<\/a><\/li>\n<li><a href=\"https:\/\/evidensia.fi\/elainlaakariasema\/haumau\/\" target=\"_blank\" rel=\"noopener\">Helsinki: El\u00e4inl\u00e4\u00e4k\u00e4riasema HauMau<\/a><\/li>\n<li><a href=\"https:\/\/evidensia.fi\/elainlaakariasema\/malmin-elainklinikka-apex\/\" target=\"_blank\" rel=\"noopener\">Helsinki: Malmin klinikka Apex<\/a><\/li>\n<li><a href=\"https:\/\/evidensia.fi\/elainlaakariasema\/elainsairaala-mevet\/\" target=\"_blank\" rel=\"noopener\">Helsinki: El\u00e4insairaala Mevet<\/a><\/li>\n<li><a href=\"https:\/\/www.helsinki.fi\/fi\/yliopistollinen-elainsairaala\" target=\"_blank\" rel=\"noopener\">Helsinki: Yliopistollinen El\u00e4insairaala<\/a><\/li>\n<li><a href=\"https:\/\/www.viitaellit.fi\/content\/\" target=\"_blank\" rel=\"noopener\">Jyv\u00e4skyl\u00e4: Viitaniemen El\u00e4inl\u00e4\u00e4k\u00e4riasema Oy<\/a><\/li>\n<li><a href=\"https:\/\/www.valpas.vet\/\" target=\"_blank\" rel=\"noopener\">Kemi: El\u00e4inl\u00e4\u00e4k\u00e4rikeskus Valpas Oy<\/a><\/li>\n<li><a href=\"https:\/\/www.omaelainklinikka.fi\/klinikat\/omaelainklinikka-vetset\/?gclid=EAIaIQobChMI-J2jlqSJ7QIVCQB7Ch3jxwnYEAAYASAAEgLSfPD_BwE\" target=\"_blank\" rel=\"noopener\">Kirkkonummi: Omael\u00e4inklinikka Vetset<\/a><\/li>\n<li><a href=\"https:\/\/www.kek.fi\/\" target=\"_blank\" rel=\"noopener\">Kuopio: Kuopion El\u00e4inl\u00e4\u00e4k\u00e4rikeskus<\/a><\/li>\n<li><a href=\"https:\/\/evidensia.fi\/elainlaakariasema\/elainsairaala-savon-murre\/\" target=\"_blank\" rel=\"noopener\">Kuopio: El\u00e4insairaala Savon Murre<\/a><\/li>\n<li><a href=\"https:\/\/www.lupsakka.fi\/\" target=\"_blank\" rel=\"noopener\">Kuopio: Pienel\u00e4invastaanotto Lupsakka<\/a><\/li>\n<li><a href=\"https:\/\/evidensia.fi\/elainlaakariasema\/lahden-elainlaakariasema\/\" target=\"_blank\" rel=\"noopener\">Lahti: Lahden El\u00e4inl\u00e4\u00e4k\u00e4riasema<\/a><\/li>\n<li><a href=\"https:\/\/vihtivet.fi\/\" target=\"_blank\" rel=\"noopener\">Nummela: El\u00e4inl\u00e4\u00e4k\u00e4riasema Vihtivet<\/a><\/li>\n<li><a href=\"https:\/\/www.oulunkamu.fi\/\" target=\"_blank\" rel=\"noopener\">Oulu: El\u00e4inl\u00e4\u00e4k\u00e4riasema Kamu<\/a><\/li>\n<li><a href=\"https:\/\/ouluek.fi\/\" target=\"_blank\" rel=\"noopener\">Oulu: Oulun El\u00e4inklinikka Oy<\/a><\/li>\n<li><a href=\"https:\/\/www.ouluvet.fi\" target=\"_blank\" rel=\"noopener\">Oulu: El\u00e4inl\u00e4\u00e4k\u00e4riasema OuluVet Oy<\/a><\/li>\n<li><a href=\"https:\/\/www.porinelainlaakaripalvelu.fi\/\" target=\"_blank\" rel=\"noopener\">Pori: Porin El\u00e4inl\u00e4\u00e4k\u00e4ripalvelu Oy<\/a><\/li>\n<li><a href=\"https:\/\/porvoonelainlaakariasema.fi\/\" target=\"_blank\" rel=\"noopener\">Porvoo: Porvoon El\u00e4inl\u00e4\u00e4k\u00e4riasema<\/a><\/li>\n<li><a href=\"https:\/\/www.ehyt.info\/\" target=\"_blank\" rel=\"noopener\">Salo: El\u00e4inklinikka Ehyt<\/a><\/li>\n<li><a href=\"https:\/\/helppu.fi\/\" target=\"_blank\" rel=\"noopener\">Tampere: El\u00e4inklinikka Hakamets\u00e4<\/a><\/li>\n<li><a href=\"https:\/\/www.pyynikinelainlaakarit.fi\" target=\"_blank\" rel=\"noopener\">Tampere: Pyynikin El\u00e4inl\u00e4\u00e4k\u00e4rit Oy<\/a><\/li>\n<li><a href=\"http:\/\/www.elainklinikkakatse.fi\/\" target=\"_blank\" rel=\"noopener\">Tampere: El\u00e4inklinikka Katse<\/a><\/li>\n<li><a href=\"https:\/\/reviiri.info\/\" target=\"_blank\" rel=\"noopener\">Tampere<\/a>: <a href=\"https:\/\/reviiri.info\/\" target=\"_blank\" rel=\"noopener\">El\u00e4inl\u00e4\u00e4k\u00e4riasema Reviiri Oy<\/a><\/li>\n<li><a href=\"https:\/\/www.euromedivet.fi\/\" target=\"_blank\" rel=\"noopener\">Tornio: El\u00e4inl\u00e4\u00e4k\u00e4riasema Euromedivet Oy<\/a><\/li>\n<li><a href=\"https:\/\/petvet.fi\/\" target=\"_blank\" rel=\"noopener\">Turku: El\u00e4inl\u00e4\u00e4k\u00e4riasema Pet-Vet <\/a><\/li>\n<li><a href=\"https:\/\/koirakissaklinikka.fi\/\" target=\"_blank\" rel=\"noopener\">Turku: Koira-Kissaklinikka | Hund-Kattklinik<\/a><\/li>\n<li><a href=\"https:\/\/www.leklinikka.net\/\" target=\"_blank\" rel=\"noopener\">Vaasa: L\u00e4nsirannikon El\u00e4inklinikka | V\u00e4stkustens djurklinik<\/a><\/li>\n<li><a href=\"https:\/\/aisti.info\/\" target=\"_blank\" rel=\"noopener\">Vantaa: El\u00e4insairaala Aisti<\/a><\/li>\n<li><a href=\"https:\/\/evidensia.fi\/elainlaakariasema\/elainsairaala-evidensia-tammisto\/\" target=\"_blank\" rel=\"noopener\">Vantaa: El\u00e4insairaala Evidensia Tammisto<\/a><\/li>\n<li><a href=\"https:\/\/elainsairaalahuoma.fi\/\" target=\"_blank\" rel=\"noopener\">Vantaa: El\u00e4insairaala Huoma<\/a><\/li>\n<li><a href=\"https:\/\/www.pienielainsairaala.fi\/\" target=\"_blank\" rel=\"noopener\">Vantaa: Pieni El\u00e4insairaala Morelius<\/a><\/li>\n<li><a href=\"https:\/\/www.eyevision.fi\/fi\" target=\"_blank\" rel=\"noopener\">Yl\u00f6j\u00e4rvi: EyeVision Oy<\/a><\/li>\n<li><a href=\"https:\/\/ylojarvi.hyma.fi\" target=\"_blank\" rel=\"noopener\">Yl\u00f6j\u00e4rvi: Hyv\u00e4n Mielen Apteekki<\/a><\/li>\n<\/ul>\n<p><strong>Muut<\/strong><\/p>\n<ul>\n<li><a href=\"https:\/\/eyevision.fi\/yhteys\/\" target=\"_blank\" rel=\"noopener\">Yl\u00f6j\u00e4rvi: EyeVision Oy<\/a><\/li>\n<\/ul>\n<h2>Yhteisty\u00f6kumppanimme<\/h2>\n<p><img decoding=\"async\" src=\"https:\/\/www.silmageeli.fi\/wp-content\/uploads\/2021\/09\/ell-logo-teksti-150x150.png\" alt=\"\" width=\"150\" height=\"150\" \/><\/p>\n<p><a href=\"https:\/\/www.elainlaakarille.fi\" target=\"_blank\" rel=\"noopener\">El\u00e4inl\u00e4\u00e4k\u00e4rille.fi<\/a>-sivustolta l\u00f6yd\u00e4t pirkanmaalaisten el\u00e4inl\u00e4\u00e4k\u00e4reiden yhteystiedot ja aukioloajat k\u00e4tev\u00e4sti.<\/p>\n\n\n<p><\/p>\n","protected":false},"excerpt":{"rendered":"<p>&#8221;an-HyPro on hyv\u00e4 tuote ja aivan verraton apu, jos lemmikkisi silm\u00e4t vaativat lis\u00e4\u00e4 kosteutta. Suosittelen!&#8221; P\u00e4ivi Antola, kennel Lumisuden an-HyPro -silm\u00e4geeli Tehokasta ja pitk\u00e4vaikutteista hoivaa kaikkien el\u00e4inten silmille. Korkean viskositeetin ansiosta an-HyPro pysyy silm\u00e4ss\u00e4 paremmin. an-HyPro sis\u00e4lt\u00e4\u00e4 1,2 % hyaluronihappoa. an-HyPro on s\u00e4il\u00f6nt\u00e4aineeton ja sill\u00e4 on hyv\u00e4 s\u00e4ilyvyys. Lataa an-HyPro esite t\u00e4st\u00e4Osta an-HyProa verkkokaupastamme an-HyPron [&hellip;]<\/p>\n","protected":false},"author":1,"featured_media":0,"parent":0,"menu_order":0,"comment_status":"closed","ping_status":"closed","template":"","meta":{"footnotes":""},"class_list":["post-141","page","type-page","status-publish","hentry"],"yoast_head":"<!-- This site is optimized with the Yoast SEO plugin v26.8 - https:\/\/yoast.com\/product\/yoast-seo-wordpress\/ -->\n<title>anHyPro Silm\u00e4geeli - Koiran kuivasilm\u00e4isyyden hoito<\/title>\n<meta name=\"description\" content=\"Onko koirallasi kuivat silm\u00e4t? AnHyPro-silm\u00e4geeli on verraton apu, jos lemmikkisi silm\u00e4t tarvitsevat lis\u00e4\u00e4 kosteutta. Katso lis\u00e4\u00e4 kauppa.simageeli.fi\" \/>\n<meta name=\"robots\" content=\"index, follow, max-snippet:-1, max-image-preview:large, max-video-preview:-1\" \/>\n<link rel=\"canonical\" href=\"https:\/\/www.silmageeli.fi\/\" \/>\n<meta property=\"og:locale\" content=\"fi_FI\" \/>\n<meta property=\"og:type\" content=\"article\" \/>\n<meta property=\"og:title\" content=\"anHyPro Silm\u00e4geeli - Koiran kuivasilm\u00e4isyyden hoito\" \/>\n<meta property=\"og:description\" content=\"Onko koirallasi kuivat silm\u00e4t? AnHyPro-silm\u00e4geeli on verraton apu, jos lemmikkisi silm\u00e4t tarvitsevat lis\u00e4\u00e4 kosteutta. Katso lis\u00e4\u00e4 kauppa.simageeli.fi\" \/>\n<meta property=\"og:url\" content=\"https:\/\/www.silmageeli.fi\/\" \/>\n<meta property=\"article:publisher\" content=\"https:\/\/www.facebook.com\/Silm%c3%a4geelifi-102302801699477\" \/>\n<meta property=\"article:modified_time\" content=\"2026-03-31T06:23:31+00:00\" \/>\n<meta property=\"og:image\" content=\"https:\/\/www.silmageeli.fi\/wp-content\/uploads\/2021\/03\/Taso-0-102x300.png\" \/>\n<meta name=\"twitter:card\" content=\"summary_large_image\" \/>\n<meta name=\"twitter:label1\" content=\"Arvioitu lukuaika\" \/>\n\t<meta name=\"twitter:data1\" content=\"4 minuuttia\" \/>\n<script type=\"application\/ld+json\" class=\"yoast-schema-graph\">{\"@context\":\"https:\/\/schema.org\",\"@graph\":[{\"@type\":\"WebPage\",\"@id\":\"https:\/\/www.silmageeli.fi\/\",\"url\":\"https:\/\/www.silmageeli.fi\/\",\"name\":\"anHyPro Silm\u00e4geeli - Koiran kuivasilm\u00e4isyyden hoito\",\"isPartOf\":{\"@id\":\"https:\/\/www.silmageeli.fi\/#website\"},\"primaryImageOfPage\":{\"@id\":\"https:\/\/www.silmageeli.fi\/#primaryimage\"},\"image\":{\"@id\":\"https:\/\/www.silmageeli.fi\/#primaryimage\"},\"thumbnailUrl\":\"https:\/\/www.silmageeli.fi\/wp-content\/uploads\/2021\/03\/Taso-0-102x300.png\",\"datePublished\":\"2020-10-08T09:02:06+00:00\",\"dateModified\":\"2026-03-31T06:23:31+00:00\",\"description\":\"Onko koirallasi kuivat silm\u00e4t? AnHyPro-silm\u00e4geeli on verraton apu, jos lemmikkisi silm\u00e4t tarvitsevat lis\u00e4\u00e4 kosteutta. Katso lis\u00e4\u00e4 kauppa.simageeli.fi\",\"breadcrumb\":{\"@id\":\"https:\/\/www.silmageeli.fi\/#breadcrumb\"},\"inLanguage\":\"fi\",\"potentialAction\":[{\"@type\":\"ReadAction\",\"target\":[\"https:\/\/www.silmageeli.fi\/\"]}]},{\"@type\":\"ImageObject\",\"inLanguage\":\"fi\",\"@id\":\"https:\/\/www.silmageeli.fi\/#primaryimage\",\"url\":\"https:\/\/www.silmageeli.fi\/wp-content\/uploads\/2021\/03\/Taso-0.png\",\"contentUrl\":\"https:\/\/www.silmageeli.fi\/wp-content\/uploads\/2021\/03\/Taso-0.png\",\"width\":306,\"height\":896,\"caption\":\"an-HyPro Silm\u00e4geeli pullo\"},{\"@type\":\"BreadcrumbList\",\"@id\":\"https:\/\/www.silmageeli.fi\/#breadcrumb\",\"itemListElement\":[{\"@type\":\"ListItem\",\"position\":1,\"name\":\"Etusivu\",\"item\":\"https:\/\/www.silmageeli.fi\/\"},{\"@type\":\"ListItem\",\"position\":2,\"name\":\"an-HyPro Silm\u00e4geeli\"}]},{\"@type\":\"WebSite\",\"@id\":\"https:\/\/www.silmageeli.fi\/#website\",\"url\":\"https:\/\/www.silmageeli.fi\/\",\"name\":\"Silm\u00e4geeli\",\"description\":\"\",\"publisher\":{\"@id\":\"https:\/\/www.silmageeli.fi\/#organization\"},\"potentialAction\":[{\"@type\":\"SearchAction\",\"target\":{\"@type\":\"EntryPoint\",\"urlTemplate\":\"https:\/\/www.silmageeli.fi\/?s={search_term_string}\"},\"query-input\":{\"@type\":\"PropertyValueSpecification\",\"valueRequired\":true,\"valueName\":\"search_term_string\"}}],\"inLanguage\":\"fi\"},{\"@type\":\"Organization\",\"@id\":\"https:\/\/www.silmageeli.fi\/#organization\",\"name\":\"Silm\u00e4geeli\",\"url\":\"https:\/\/www.silmageeli.fi\/\",\"logo\":{\"@type\":\"ImageObject\",\"inLanguage\":\"fi\",\"@id\":\"https:\/\/www.silmageeli.fi\/#\/schema\/logo\/image\/\",\"url\":\"https:\/\/www.silmageeli.fi\/wp-content\/uploads\/2020\/10\/cropped-silmageeli_logo_850px_215_px_sininen-1.png\",\"contentUrl\":\"https:\/\/www.silmageeli.fi\/wp-content\/uploads\/2020\/10\/cropped-silmageeli_logo_850px_215_px_sininen-1.png\",\"width\":791,\"height\":190,\"caption\":\"Silm\u00e4geeli\"},\"image\":{\"@id\":\"https:\/\/www.silmageeli.fi\/#\/schema\/logo\/image\/\"},\"sameAs\":[\"https:\/\/www.facebook.com\/Silm\u00e4geelifi-102302801699477\",\"https:\/\/www.instagram.com\/eyevisionofficial\/\"]}]}<\/script>\n<!-- \/ Yoast SEO plugin. -->","yoast_head_json":{"title":"anHyPro Silm\u00e4geeli - Koiran kuivasilm\u00e4isyyden hoito","description":"Onko koirallasi kuivat silm\u00e4t? AnHyPro-silm\u00e4geeli on verraton apu, jos lemmikkisi silm\u00e4t tarvitsevat lis\u00e4\u00e4 kosteutta. Katso lis\u00e4\u00e4 kauppa.simageeli.fi","robots":{"index":"index","follow":"follow","max-snippet":"max-snippet:-1","max-image-preview":"max-image-preview:large","max-video-preview":"max-video-preview:-1"},"canonical":"https:\/\/www.silmageeli.fi\/","og_locale":"fi_FI","og_type":"article","og_title":"anHyPro Silm\u00e4geeli - Koiran kuivasilm\u00e4isyyden hoito","og_description":"Onko koirallasi kuivat silm\u00e4t? AnHyPro-silm\u00e4geeli on verraton apu, jos lemmikkisi silm\u00e4t tarvitsevat lis\u00e4\u00e4 kosteutta. Katso lis\u00e4\u00e4 kauppa.simageeli.fi","og_url":"https:\/\/www.silmageeli.fi\/","article_publisher":"https:\/\/www.facebook.com\/Silm%c3%a4geelifi-102302801699477","article_modified_time":"2026-03-31T06:23:31+00:00","og_image":[{"url":"https:\/\/www.silmageeli.fi\/wp-content\/uploads\/2021\/03\/Taso-0-102x300.png","type":"","width":"","height":""}],"twitter_card":"summary_large_image","twitter_misc":{"Arvioitu lukuaika":"4 minuuttia"},"schema":{"@context":"https:\/\/schema.org","@graph":[{"@type":"WebPage","@id":"https:\/\/www.silmageeli.fi\/","url":"https:\/\/www.silmageeli.fi\/","name":"anHyPro Silm\u00e4geeli - Koiran kuivasilm\u00e4isyyden hoito","isPartOf":{"@id":"https:\/\/www.silmageeli.fi\/#website"},"primaryImageOfPage":{"@id":"https:\/\/www.silmageeli.fi\/#primaryimage"},"image":{"@id":"https:\/\/www.silmageeli.fi\/#primaryimage"},"thumbnailUrl":"https:\/\/www.silmageeli.fi\/wp-content\/uploads\/2021\/03\/Taso-0-102x300.png","datePublished":"2020-10-08T09:02:06+00:00","dateModified":"2026-03-31T06:23:31+00:00","description":"Onko koirallasi kuivat silm\u00e4t? AnHyPro-silm\u00e4geeli on verraton apu, jos lemmikkisi silm\u00e4t tarvitsevat lis\u00e4\u00e4 kosteutta. Katso lis\u00e4\u00e4 kauppa.simageeli.fi","breadcrumb":{"@id":"https:\/\/www.silmageeli.fi\/#breadcrumb"},"inLanguage":"fi","potentialAction":[{"@type":"ReadAction","target":["https:\/\/www.silmageeli.fi\/"]}]},{"@type":"ImageObject","inLanguage":"fi","@id":"https:\/\/www.silmageeli.fi\/#primaryimage","url":"https:\/\/www.silmageeli.fi\/wp-content\/uploads\/2021\/03\/Taso-0.png","contentUrl":"https:\/\/www.silmageeli.fi\/wp-content\/uploads\/2021\/03\/Taso-0.png","width":306,"height":896,"caption":"an-HyPro Silm\u00e4geeli pullo"},{"@type":"BreadcrumbList","@id":"https:\/\/www.silmageeli.fi\/#breadcrumb","itemListElement":[{"@type":"ListItem","position":1,"name":"Etusivu","item":"https:\/\/www.silmageeli.fi\/"},{"@type":"ListItem","position":2,"name":"an-HyPro Silm\u00e4geeli"}]},{"@type":"WebSite","@id":"https:\/\/www.silmageeli.fi\/#website","url":"https:\/\/www.silmageeli.fi\/","name":"Silm\u00e4geeli","description":"","publisher":{"@id":"https:\/\/www.silmageeli.fi\/#organization"},"potentialAction":[{"@type":"SearchAction","target":{"@type":"EntryPoint","urlTemplate":"https:\/\/www.silmageeli.fi\/?s={search_term_string}"},"query-input":{"@type":"PropertyValueSpecification","valueRequired":true,"valueName":"search_term_string"}}],"inLanguage":"fi"},{"@type":"Organization","@id":"https:\/\/www.silmageeli.fi\/#organization","name":"Silm\u00e4geeli","url":"https:\/\/www.silmageeli.fi\/","logo":{"@type":"ImageObject","inLanguage":"fi","@id":"https:\/\/www.silmageeli.fi\/#\/schema\/logo\/image\/","url":"https:\/\/www.silmageeli.fi\/wp-content\/uploads\/2020\/10\/cropped-silmageeli_logo_850px_215_px_sininen-1.png","contentUrl":"https:\/\/www.silmageeli.fi\/wp-content\/uploads\/2020\/10\/cropped-silmageeli_logo_850px_215_px_sininen-1.png","width":791,"height":190,"caption":"Silm\u00e4geeli"},"image":{"@id":"https:\/\/www.silmageeli.fi\/#\/schema\/logo\/image\/"},"sameAs":["https:\/\/www.facebook.com\/Silm\u00e4geelifi-102302801699477","https:\/\/www.instagram.com\/eyevisionofficial\/"]}]}},"_links":{"self":[{"href":"https:\/\/www.silmageeli.fi\/index.php?rest_route=\/wp\/v2\/pages\/141","targetHints":{"allow":["GET"]}}],"collection":[{"href":"https:\/\/www.silmageeli.fi\/index.php?rest_route=\/wp\/v2\/pages"}],"about":[{"href":"https:\/\/www.silmageeli.fi\/index.php?rest_route=\/wp\/v2\/types\/page"}],"author":[{"embeddable":true,"href":"https:\/\/www.silmageeli.fi\/index.php?rest_route=\/wp\/v2\/users\/1"}],"replies":[{"embeddable":true,"href":"https:\/\/www.silmageeli.fi\/index.php?rest_route=%2Fwp%2Fv2%2Fcomments&post=141"}],"version-history":[{"count":385,"href":"https:\/\/www.silmageeli.fi\/index.php?rest_route=\/wp\/v2\/pages\/141\/revisions"}],"predecessor-version":[{"id":1096,"href":"https:\/\/www.silmageeli.fi\/index.php?rest_route=\/wp\/v2\/pages\/141\/revisions\/1096"}],"wp:attachment":[{"href":"https:\/\/www.silmageeli.fi\/index.php?rest_route=%2Fwp%2Fv2%2Fmedia&parent=141"}],"curies":[{"name":"wp","href":"https:\/\/api.w.org\/{rel}","templated":true}]}}