{"id":363,"date":"2020-10-16T06:17:51","date_gmt":"2020-10-16T06:17:51","guid":{"rendered":"https:\/\/www.silmageeli.fi\/?page_id=363"},"modified":"2021-07-01T10:24:57","modified_gmt":"2021-07-01T07:24:57","slug":"anhypro-silmageeli-tietosuojaseloste-ja-toimitusehdot","status":"publish","type":"page","link":"https:\/\/www.silmageeli.fi\/?page_id=363","title":{"rendered":"Tietosuojaseloste ja toimitusehdot"},"content":{"rendered":"\t\t<div data-elementor-type=\"wp-page\" data-elementor-id=\"363\" class=\"elementor elementor-363\" data-elementor-post-type=\"page\">\n\t\t\t\t\t\t<section class=\"elementor-section elementor-top-section elementor-element elementor-element-fcda0ee elementor-section-stretched elementor-hidden-desktop elementor-section-boxed elementor-section-height-default elementor-section-height-default\" data-id=\"fcda0ee\" data-element_type=\"section\" data-e-type=\"section\" data-settings=\"{&quot;stretch_section&quot;:&quot;section-stretched&quot;}\">\n\t\t\t\t\t\t<div class=\"elementor-container elementor-column-gap-default\">\n\t\t\t\t\t<div class=\"elementor-column elementor-col-100 elementor-top-column elementor-element elementor-element-1389b8f\" data-id=\"1389b8f\" data-element_type=\"column\" data-e-type=\"column\">\n\t\t\t<div class=\"elementor-widget-wrap elementor-element-populated\">\n\t\t\t\t\t\t<div class=\"elementor-element elementor-element-5943626 elementor-nav-menu--stretch elementor-nav-menu--dropdown-mobile elementor-nav-menu__text-align-aside elementor-nav-menu--toggle elementor-nav-menu--burger elementor-widget elementor-widget-nav-menu\" data-id=\"5943626\" data-element_type=\"widget\" data-e-type=\"widget\" data-settings=\"{&quot;full_width&quot;:&quot;stretch&quot;,&quot;layout&quot;:&quot;horizontal&quot;,&quot;submenu_icon&quot;:{&quot;value&quot;:&quot;&lt;i class=\\&quot;fas fa-caret-down\\&quot;&gt;&lt;\\\/i&gt;&quot;,&quot;library&quot;:&quot;fa-solid&quot;},&quot;toggle&quot;:&quot;burger&quot;}\" data-widget_type=\"nav-menu.default\">\n\t\t\t\t<div class=\"elementor-widget-container\">\n\t\t\t\t\t\t\t\t<nav aria-label=\"Menu\" class=\"elementor-nav-menu--main elementor-nav-menu__container elementor-nav-menu--layout-horizontal e--pointer-underline e--animation-fade\">\n\t\t\t\t<ul id=\"menu-1-5943626\" class=\"elementor-nav-menu\"><li class=\"menu-item menu-item-type-post_type menu-item-object-page menu-item-home menu-item-403\"><a href=\"https:\/\/www.silmageeli.fi\/\" class=\"elementor-item\">Etusivu<\/a><\/li>\n<li class=\"menu-item menu-item-type-post_type menu-item-object-page menu-item-369\"><a href=\"https:\/\/www.silmageeli.fi\/?page_id=363\" class=\"elementor-item\">Tietosuojaseloste ja toimitusehdot<\/a><\/li>\n<li class=\"menu-item menu-item-type-post_type menu-item-object-page menu-item-487\"><a href=\"https:\/\/www.silmageeli.fi\/?page_id=387\" class=\"elementor-item\">J\u00e4lleenmyyj\u00e4ksi<\/a><\/li>\n<li class=\"menu-item menu-item-type-custom menu-item-object-custom menu-item-708\"><a href=\"https:\/\/kauppa.silmageeli.fi\" class=\"elementor-item\">Verkkokauppaan<\/a><\/li>\n<\/ul>\t\t\t<\/nav>\n\t\t\t\t\t<div class=\"elementor-menu-toggle\" role=\"button\" tabindex=\"0\" aria-label=\"Menu Toggle\" aria-expanded=\"false\">\n\t\t\t<i aria-hidden=\"true\" role=\"presentation\" class=\"elementor-menu-toggle__icon--open eicon-menu-bar\"><\/i><i aria-hidden=\"true\" role=\"presentation\" class=\"elementor-menu-toggle__icon--close eicon-close\"><\/i>\t\t<\/div>\n\t\t\t\t\t<nav class=\"elementor-nav-menu--dropdown elementor-nav-menu__container\" aria-hidden=\"true\">\n\t\t\t\t<ul id=\"menu-2-5943626\" class=\"elementor-nav-menu\"><li class=\"menu-item menu-item-type-post_type menu-item-object-page menu-item-home menu-item-403\"><a href=\"https:\/\/www.silmageeli.fi\/\" class=\"elementor-item\" tabindex=\"-1\">Etusivu<\/a><\/li>\n<li class=\"menu-item menu-item-type-post_type menu-item-object-page menu-item-369\"><a href=\"https:\/\/www.silmageeli.fi\/?page_id=363\" class=\"elementor-item\" tabindex=\"-1\">Tietosuojaseloste ja toimitusehdot<\/a><\/li>\n<li class=\"menu-item menu-item-type-post_type menu-item-object-page menu-item-487\"><a href=\"https:\/\/www.silmageeli.fi\/?page_id=387\" class=\"elementor-item\" tabindex=\"-1\">J\u00e4lleenmyyj\u00e4ksi<\/a><\/li>\n<li class=\"menu-item menu-item-type-custom menu-item-object-custom menu-item-708\"><a href=\"https:\/\/kauppa.silmageeli.fi\" class=\"elementor-item\" tabindex=\"-1\">Verkkokauppaan<\/a><\/li>\n<\/ul>\t\t\t<\/nav>\n\t\t\t\t\t\t<\/div>\n\t\t\t\t<\/div>\n\t\t\t\t\t<\/div>\n\t\t<\/div>\n\t\t\t\t\t<\/div>\n\t\t<\/section>\n\t\t\t\t<section class=\"elementor-section elementor-top-section elementor-element elementor-element-380a002 elementor-section-boxed elementor-section-height-default elementor-section-height-default\" data-id=\"380a002\" data-element_type=\"section\" data-e-type=\"section\">\n\t\t\t\t\t\t<div class=\"elementor-container elementor-column-gap-default\">\n\t\t\t\t\t<div class=\"elementor-column elementor-col-100 elementor-top-column elementor-element elementor-element-22d64ae\" data-id=\"22d64ae\" data-element_type=\"column\" data-e-type=\"column\">\n\t\t\t<div class=\"elementor-widget-wrap elementor-element-populated\">\n\t\t\t\t\t\t<div class=\"elementor-element elementor-element-4849077 elementor-widget elementor-widget-spacer\" data-id=\"4849077\" data-element_type=\"widget\" data-e-type=\"widget\" data-widget_type=\"spacer.default\">\n\t\t\t\t<div class=\"elementor-widget-container\">\n\t\t\t\t\t\t\t<div class=\"elementor-spacer\">\n\t\t\t<div class=\"elementor-spacer-inner\"><\/div>\n\t\t<\/div>\n\t\t\t\t\t\t<\/div>\n\t\t\t\t<\/div>\n\t\t\t\t\t<\/div>\n\t\t<\/div>\n\t\t\t\t\t<\/div>\n\t\t<\/section>\n\t\t\t\t<section class=\"elementor-section elementor-top-section elementor-element elementor-element-ee10e6e elementor-section-stretched elementor-section-boxed elementor-section-height-default elementor-section-height-default\" data-id=\"ee10e6e\" data-element_type=\"section\" data-e-type=\"section\" data-settings=\"{&quot;stretch_section&quot;:&quot;section-stretched&quot;,&quot;background_background&quot;:&quot;classic&quot;}\">\n\t\t\t\t\t\t<div class=\"elementor-container elementor-column-gap-default\">\n\t\t\t\t\t<div class=\"elementor-column elementor-col-100 elementor-top-column elementor-element elementor-element-d34bae8\" data-id=\"d34bae8\" data-element_type=\"column\" data-e-type=\"column\">\n\t\t\t<div class=\"elementor-widget-wrap elementor-element-populated\">\n\t\t\t\t\t\t<div class=\"elementor-element elementor-element-c9f1bff elementor-widget elementor-widget-text-editor\" data-id=\"c9f1bff\" data-element_type=\"widget\" data-e-type=\"widget\" data-widget_type=\"text-editor.default\">\n\t\t\t\t<div class=\"elementor-widget-container\">\n\t\t\t\t\t\t\t\t\t<h2>AnHyPro Silm\u00e4geeli tietosuojaseloste ja toimitusehdot<\/h2><h2>Tietosuojaseloste 16.10.2020<\/h2><h3>Rekisterinpit\u00e4j\u00e4 ja sen yhteystiedot<\/h3><p>EyeVision Oy (y-tunnus:\u00a02566191-3)<\/p><p>Rauhalantie 4 B105<\/p><p>33480 Yl\u00f6j\u00e4rvi<\/p><p><a href=\"mailto:xxxx@xxxxx.fi\" target=\"_blank\" rel=\"noopener\">asiakaspalvelu@silmageeli.fi<\/a><\/p><h3>Mit\u00e4 tietoja minusta ker\u00e4t\u00e4\u00e4n?<\/h3><p>Asiakasrekisteriin tallennetaan asiakkaan etunimi, sukunimi, katuosoite, postinumero, postitoimipaikka, maa, s\u00e4hk\u00f6postiosoite, puhelinnumero, asioidessa k\u00e4ytetty kieli, asioidessa k\u00e4ytetty valuutta. Yritysasiakkaalta tallennetaan lis\u00e4ksi yrityksen nimi, y-tunnus ja alv-tunnus.<\/p><p>Lis\u00e4ksi verkkokaupan tilaustietoihin tallennetaan asiakkaan tilauksen yhteydess\u00e4 antamat tiedot, kuten tilauksen tuotesis\u00e4lt\u00f6, maksutapa ja toimitustapa.<\/p><h3>Mihin henkil\u00f6tietoja k\u00e4ytet\u00e4\u00e4n?<\/h3><p>Henkil\u00f6tietoja k\u00e4ytet\u00e4\u00e4n:<\/p><ul><li dir=\"ltr\"><p>Asiakassuhteen hoitamiseen<\/p><\/li><li dir=\"ltr\"><p>Tilauksen toimitukseen ja k\u00e4sittelyyn, sek\u00e4 arkistointiin<\/p><\/li><li dir=\"ltr\"><p>Tilastollisiin tarkoituksiin<\/p><\/li><li dir=\"ltr\"><p>Markkinointitarkoituksiin<\/p><\/li><\/ul><p>Henkil\u00f6tietojen k\u00e4sittelyn oikeusperusteena on sopimus, suostumus tai oikeutettu etu.<\/p><p>Henkil\u00f6tietojen k\u00e4sittelyss\u00e4 on huomioitu 25.5.2018 alkaen noudatettavan EU:n tietosuoja-asetuksen asettamat vaatimukset.<\/p><h3>Kuinka kauan henkil\u00f6tietojani s\u00e4ilytet\u00e4\u00e4n?<\/h3><p>S\u00e4ilyt\u00e4mme henkil\u00f6tietojasi niin kauan, kuin on tarpeellista rekisterin k\u00e4ytt\u00f6tarkoitusten toteuttamiseksi.<\/p><p>Lis\u00e4ksi joitain tietoja voidaan s\u00e4ilytt\u00e4\u00e4 kauemmin niilt\u00e4 osin kuin se on tarpeen laissa asetettujen velvollisuuksien, kuten kirjanpitoa ja kuluttajakauppaa koskevien vastuiden hoitamiseksi.<\/p><h3>Tietojen luovutus kolmansille osapuolille<\/h3><p>Luovutamme henkil\u00f6tietoja logistiikka- ja maksupalvelu-<wbr \/>yhteisty\u00f6kumppaneille, verkkokauppamme toiminnan mahdollistamiseksi.<\/p><h3>Asiakkaan oikeudet<\/h3><p>Asiakkaana sinulla on seuraavat oikeudet:<\/p><ul><li dir=\"ltr\"><p>Tarkistusoikeus\u00a0<\/p><\/li><li dir=\"ltr\"><p>Oikaisuoikeus<\/p><\/li><li dir=\"ltr\"><p>Oikeus peruuttaa suostumus\u00a0<\/p><\/li><li dir=\"ltr\"><p>Poisto-oikeus<\/p><\/li><\/ul>\t\t\t\t\t\t\t\t<\/div>\n\t\t\t\t<\/div>\n\t\t\t\t\t<\/div>\n\t\t<\/div>\n\t\t\t\t\t<\/div>\n\t\t<\/section>\n\t\t\t\t<section class=\"elementor-section elementor-top-section elementor-element elementor-element-01d5541 elementor-section-boxed elementor-section-height-default elementor-section-height-default\" data-id=\"01d5541\" data-element_type=\"section\" data-e-type=\"section\">\n\t\t\t\t\t\t<div class=\"elementor-container elementor-column-gap-default\">\n\t\t\t\t\t<div class=\"elementor-column elementor-col-100 elementor-top-column elementor-element elementor-element-d2139ec\" data-id=\"d2139ec\" data-element_type=\"column\" data-e-type=\"column\">\n\t\t\t<div class=\"elementor-widget-wrap elementor-element-populated\">\n\t\t\t\t\t\t<div class=\"elementor-element elementor-element-4678e0d elementor-widget elementor-widget-spacer\" data-id=\"4678e0d\" data-element_type=\"widget\" data-e-type=\"widget\" data-widget_type=\"spacer.default\">\n\t\t\t\t<div class=\"elementor-widget-container\">\n\t\t\t\t\t\t\t<div class=\"elementor-spacer\">\n\t\t\t<div class=\"elementor-spacer-inner\"><\/div>\n\t\t<\/div>\n\t\t\t\t\t\t<\/div>\n\t\t\t\t<\/div>\n\t\t\t\t\t<\/div>\n\t\t<\/div>\n\t\t\t\t\t<\/div>\n\t\t<\/section>\n\t\t\t\t<section class=\"elementor-section elementor-top-section elementor-element elementor-element-385a479 elementor-section-stretched elementor-section-boxed elementor-section-height-default elementor-section-height-default\" data-id=\"385a479\" data-element_type=\"section\" data-e-type=\"section\" data-settings=\"{&quot;stretch_section&quot;:&quot;section-stretched&quot;,&quot;background_background&quot;:&quot;classic&quot;}\">\n\t\t\t\t\t\t<div class=\"elementor-container elementor-column-gap-default\">\n\t\t\t\t\t<div class=\"elementor-column elementor-col-100 elementor-top-column elementor-element elementor-element-742660a\" data-id=\"742660a\" data-element_type=\"column\" data-e-type=\"column\">\n\t\t\t<div class=\"elementor-widget-wrap elementor-element-populated\">\n\t\t\t\t\t\t<div class=\"elementor-element elementor-element-6970382 elementor-widget elementor-widget-text-editor\" data-id=\"6970382\" data-element_type=\"widget\" data-e-type=\"widget\" data-widget_type=\"text-editor.default\">\n\t\t\t\t<div class=\"elementor-widget-container\">\n\t\t\t\t\t\t\t\t\t<h2>AnHyPro Silm\u00e4geeli tietosuojaseloste ja toimitusehdot<\/h2><h2>Toimitusehdot<\/h2><h3>Yleist\u00e4<\/h3><p><a href=\"http:\/\/silmageeli.fi\/\" target=\"_blank\" rel=\"noopener\" data-saferedirecturl=\"https:\/\/www.google.com\/url?q=http:\/\/Silmageeli.fi&amp;source=gmail&amp;ust=1602913416859000&amp;usg=AFQjCNEyK3AqG0M8Z-UxtvSjIZBy_bSy-g\">Silmageeli.fi<\/a> on EyeVision Oy:n liiketoiminnan yll\u00e4pit\u00e4m\u00e4 markkinapaikka, jossa tuotteita myy EyeVision (y-tunnus\u00a02566191-3\u00a0Rauhalanti<wbr \/>e 4 B105,\u00a033480 Yl\u00f6j\u00e4rvi). EyeVision Oy pid\u00e4tt\u00e4\u00e4 oikeuden muuttaa n\u00e4it\u00e4 toimitusehtoja yksipuolisella p\u00e4\u00e4t\u00f6ksell\u00e4 ilman ennakkoilmoitusta.<\/p><h3>Maksaminen<\/h3><p>Verkkokaupan maksunv\u00e4litt\u00e4j\u00e4n\u00e4 toimii Klarna-maksupalvelu. Voit maksaa ostokset verkkopankkimaksuna tai yleisimmill\u00e4 luottokorteilla.<\/p><h3>Toimitus ja toimituskulut<\/h3><p>Verkkokaupan kassalla voit valita haluamasi toimitustavan. Suomessa k\u00e4ytett\u00e4viss\u00e4 on<strong>\u00a0<\/strong>Postin kuljetuspalvelut, PostNord\u00a0sek\u00e4 Matkahuolto.\u00a0<\/p><p>Huomioithan, ett\u00e4 postikuljetukseen pit\u00e4\u00e4 varata 7 &#8211; 14 p\u00e4iv\u00e4\u00e4.<\/p><p>Tilaukseen sis\u00e4ltyv\u00e4t toimituskulut n\u00e4ytet\u00e4\u00e4n kaupan kassasivulla toimitustavan yhteydess\u00e4 ja tilauksen yhteenvedossa. Valittu toimitustapa ja tilauksen sis\u00e4lt\u00f6 vaikuttavat toimituskuluihin.<\/p><div>\u00a0<\/div><h3>Toimitusaika<\/h3><p>Tuotteiden toimitusajat ilmoitetaan tuotteiden tiedoissa. P\u00e4\u00e4s\u00e4\u00e4nt\u00f6isesti toimitusaika on 5 (viisi) arkip\u00e4iv\u00e4\u00e4, mutta voi vaihdella tuotekohtaisesti tai toimitustavoittain. Mahdollisesti poikkeavat toimitusajat ilmoitetaan verkkokaupan sivuilla erikseen.<\/p><h3>Palautusoikeus<\/h3><p>Verkkokaupasta tilatuilla tuotteilla on kuluttajansuojalain mukainen 14 vuorokauden palautusoikeus tilausp\u00e4iv\u00e4m\u00e4\u00e4r\u00e4st\u00e4 lukien. Koskee kaikkia verkkokaupasta tilattuja tuotteita.<\/p><p>Asiakaspalautusten postikulut maksaa asiakas itse. Vastaavasti EyeVision Oy sitoutuu maksamaan palautetun tuotteen alkuper\u00e4isen hinnan asiakkaalle kohtuullisessa ajassa ja varmistettuaan palautetun tuotteen eheyden. Rikkoutuneita ja k\u00e4ytettyj\u00e4 tuotteita ei korvata. Mik\u00e4li tuote on s\u00e4rkynyt kuljetuksessa virheellisest\u00e4 k\u00e4sittelyst\u00e4 johtuen on tavaraa kuljettanut taho korvausvastuullinen. Tuotepalautuksiin tulee aina liitt\u00e4\u00e4 palautuslomake, joka l\u00f6ytyy t\u00e4st\u00e4 linkist\u00e4.<\/p><h3>Asiakaspalvelu<\/h3><p>Mik\u00e4li tilauksen teossa tai toimituksessa on ongelmia, olethan yhteydess\u00e4 asiakaspalveluumme <a href=\"mailto:XXXXXXXXX@xxxxxxx.fi\" target=\"_blank\" rel=\"noopener\">asiakaspalvelu@silmageeli.fi<\/a>.<\/p>\t\t\t\t\t\t\t\t<\/div>\n\t\t\t\t<\/div>\n\t\t\t\t\t<\/div>\n\t\t<\/div>\n\t\t\t\t\t<\/div>\n\t\t<\/section>\n\t\t\t\t<\/div>\n\t\t","protected":false},"excerpt":{"rendered":"<p>AnHyPro Silm\u00e4geeli tietosuojaseloste ja toimitusehdot Tietosuojaseloste 16.10.2020 Rekisterinpit\u00e4j\u00e4 ja sen yhteystiedot EyeVision Oy (y-tunnus:&nbsp;2566191-3) Rauhalantie 4 B105 33480 Yl\u00f6j\u00e4rvi asiakaspalvelu@silmageeli.fi Mit\u00e4 tietoja minusta ker\u00e4t\u00e4\u00e4n? Asiakasrekisteriin tallennetaan asiakkaan etunimi, sukunimi, katuosoite, postinumero, postitoimipaikka, maa, s\u00e4hk\u00f6postiosoite, puhelinnumero, asioidessa k\u00e4ytetty kieli, asioidessa k\u00e4ytetty valuutta. Yritysasiakkaalta tallennetaan lis\u00e4ksi yrityksen nimi, y-tunnus ja alv-tunnus. Lis\u00e4ksi verkkokaupan tilaustietoihin tallennetaan asiakkaan tilauksen [&hellip;]<\/p>\n","protected":false},"author":1,"featured_media":0,"parent":0,"menu_order":0,"comment_status":"closed","ping_status":"closed","template":"","meta":{"footnotes":""},"class_list":["post-363","page","type-page","status-publish","hentry"],"yoast_head":"<!-- This site is optimized with the Yoast SEO plugin v26.8 - https:\/\/yoast.com\/product\/yoast-seo-wordpress\/ -->\n<title>AnHyPro Silm\u00e4geeli Tietosuojaseloste ja toimitusehdot<\/title>\n<meta name=\"description\" content=\"AnHyPro Silm\u00e4geeli tietosuojaseloste ja toimitusehdot. AnHyPro-silm\u00e4geeli on verraton apu, jos lemmikkisi silm\u00e4t tarvitsevat lis\u00e4\u00e4 kosteutta.\" \/>\n<meta name=\"robots\" content=\"index, follow, max-snippet:-1, max-image-preview:large, max-video-preview:-1\" \/>\n<link rel=\"canonical\" href=\"https:\/\/www.silmageeli.fi\/?page_id=363\" \/>\n<meta property=\"og:locale\" content=\"fi_FI\" \/>\n<meta property=\"og:type\" content=\"article\" \/>\n<meta property=\"og:title\" content=\"AnHyPro Silm\u00e4geeli Tietosuojaseloste ja toimitusehdot\" \/>\n<meta property=\"og:description\" content=\"AnHyPro Silm\u00e4geeli tietosuojaseloste ja toimitusehdot. AnHyPro-silm\u00e4geeli on verraton apu, jos lemmikkisi silm\u00e4t tarvitsevat lis\u00e4\u00e4 kosteutta.\" \/>\n<meta property=\"og:url\" content=\"https:\/\/www.silmageeli.fi\/?page_id=363\" \/>\n<meta property=\"article:publisher\" content=\"https:\/\/www.facebook.com\/Silm%c3%a4geelifi-102302801699477\" \/>\n<meta property=\"article:modified_time\" content=\"2021-07-01T07:24:57+00:00\" \/>\n<meta name=\"twitter:card\" content=\"summary_large_image\" \/>\n<meta name=\"twitter:label1\" content=\"Arvioitu lukuaika\" \/>\n\t<meta name=\"twitter:data1\" content=\"2 minuuttia\" \/>\n<script type=\"application\/ld+json\" class=\"yoast-schema-graph\">{\"@context\":\"https:\/\/schema.org\",\"@graph\":[{\"@type\":\"WebPage\",\"@id\":\"https:\/\/www.silmageeli.fi\/?page_id=363\",\"url\":\"https:\/\/www.silmageeli.fi\/?page_id=363\",\"name\":\"AnHyPro Silm\u00e4geeli Tietosuojaseloste ja toimitusehdot\",\"isPartOf\":{\"@id\":\"https:\/\/www.silmageeli.fi\/#website\"},\"datePublished\":\"2020-10-16T06:17:51+00:00\",\"dateModified\":\"2021-07-01T07:24:57+00:00\",\"description\":\"AnHyPro Silm\u00e4geeli tietosuojaseloste ja toimitusehdot. AnHyPro-silm\u00e4geeli on verraton apu, jos lemmikkisi silm\u00e4t tarvitsevat lis\u00e4\u00e4 kosteutta.\",\"breadcrumb\":{\"@id\":\"https:\/\/www.silmageeli.fi\/?page_id=363#breadcrumb\"},\"inLanguage\":\"fi\",\"potentialAction\":[{\"@type\":\"ReadAction\",\"target\":[\"https:\/\/www.silmageeli.fi\/?page_id=363\"]}]},{\"@type\":\"BreadcrumbList\",\"@id\":\"https:\/\/www.silmageeli.fi\/?page_id=363#breadcrumb\",\"itemListElement\":[{\"@type\":\"ListItem\",\"position\":1,\"name\":\"Etusivu\",\"item\":\"https:\/\/www.silmageeli.fi\/\"},{\"@type\":\"ListItem\",\"position\":2,\"name\":\"Tietosuojaseloste ja toimitusehdot\"}]},{\"@type\":\"WebSite\",\"@id\":\"https:\/\/www.silmageeli.fi\/#website\",\"url\":\"https:\/\/www.silmageeli.fi\/\",\"name\":\"Silm\u00e4geeli\",\"description\":\"\",\"publisher\":{\"@id\":\"https:\/\/www.silmageeli.fi\/#organization\"},\"potentialAction\":[{\"@type\":\"SearchAction\",\"target\":{\"@type\":\"EntryPoint\",\"urlTemplate\":\"https:\/\/www.silmageeli.fi\/?s={search_term_string}\"},\"query-input\":{\"@type\":\"PropertyValueSpecification\",\"valueRequired\":true,\"valueName\":\"search_term_string\"}}],\"inLanguage\":\"fi\"},{\"@type\":\"Organization\",\"@id\":\"https:\/\/www.silmageeli.fi\/#organization\",\"name\":\"Silm\u00e4geeli\",\"url\":\"https:\/\/www.silmageeli.fi\/\",\"logo\":{\"@type\":\"ImageObject\",\"inLanguage\":\"fi\",\"@id\":\"https:\/\/www.silmageeli.fi\/#\/schema\/logo\/image\/\",\"url\":\"https:\/\/www.silmageeli.fi\/wp-content\/uploads\/2020\/10\/cropped-silmageeli_logo_850px_215_px_sininen-1.png\",\"contentUrl\":\"https:\/\/www.silmageeli.fi\/wp-content\/uploads\/2020\/10\/cropped-silmageeli_logo_850px_215_px_sininen-1.png\",\"width\":791,\"height\":190,\"caption\":\"Silm\u00e4geeli\"},\"image\":{\"@id\":\"https:\/\/www.silmageeli.fi\/#\/schema\/logo\/image\/\"},\"sameAs\":[\"https:\/\/www.facebook.com\/Silm\u00e4geelifi-102302801699477\",\"https:\/\/www.instagram.com\/eyevisionofficial\/\"]}]}<\/script>\n<!-- \/ Yoast SEO plugin. -->","yoast_head_json":{"title":"AnHyPro Silm\u00e4geeli Tietosuojaseloste ja toimitusehdot","description":"AnHyPro Silm\u00e4geeli tietosuojaseloste ja toimitusehdot. AnHyPro-silm\u00e4geeli on verraton apu, jos lemmikkisi silm\u00e4t tarvitsevat lis\u00e4\u00e4 kosteutta.","robots":{"index":"index","follow":"follow","max-snippet":"max-snippet:-1","max-image-preview":"max-image-preview:large","max-video-preview":"max-video-preview:-1"},"canonical":"https:\/\/www.silmageeli.fi\/?page_id=363","og_locale":"fi_FI","og_type":"article","og_title":"AnHyPro Silm\u00e4geeli Tietosuojaseloste ja toimitusehdot","og_description":"AnHyPro Silm\u00e4geeli tietosuojaseloste ja toimitusehdot. AnHyPro-silm\u00e4geeli on verraton apu, jos lemmikkisi silm\u00e4t tarvitsevat lis\u00e4\u00e4 kosteutta.","og_url":"https:\/\/www.silmageeli.fi\/?page_id=363","article_publisher":"https:\/\/www.facebook.com\/Silm%c3%a4geelifi-102302801699477","article_modified_time":"2021-07-01T07:24:57+00:00","twitter_card":"summary_large_image","twitter_misc":{"Arvioitu lukuaika":"2 minuuttia"},"schema":{"@context":"https:\/\/schema.org","@graph":[{"@type":"WebPage","@id":"https:\/\/www.silmageeli.fi\/?page_id=363","url":"https:\/\/www.silmageeli.fi\/?page_id=363","name":"AnHyPro Silm\u00e4geeli Tietosuojaseloste ja toimitusehdot","isPartOf":{"@id":"https:\/\/www.silmageeli.fi\/#website"},"datePublished":"2020-10-16T06:17:51+00:00","dateModified":"2021-07-01T07:24:57+00:00","description":"AnHyPro Silm\u00e4geeli tietosuojaseloste ja toimitusehdot. AnHyPro-silm\u00e4geeli on verraton apu, jos lemmikkisi silm\u00e4t tarvitsevat lis\u00e4\u00e4 kosteutta.","breadcrumb":{"@id":"https:\/\/www.silmageeli.fi\/?page_id=363#breadcrumb"},"inLanguage":"fi","potentialAction":[{"@type":"ReadAction","target":["https:\/\/www.silmageeli.fi\/?page_id=363"]}]},{"@type":"BreadcrumbList","@id":"https:\/\/www.silmageeli.fi\/?page_id=363#breadcrumb","itemListElement":[{"@type":"ListItem","position":1,"name":"Etusivu","item":"https:\/\/www.silmageeli.fi\/"},{"@type":"ListItem","position":2,"name":"Tietosuojaseloste ja toimitusehdot"}]},{"@type":"WebSite","@id":"https:\/\/www.silmageeli.fi\/#website","url":"https:\/\/www.silmageeli.fi\/","name":"Silm\u00e4geeli","description":"","publisher":{"@id":"https:\/\/www.silmageeli.fi\/#organization"},"potentialAction":[{"@type":"SearchAction","target":{"@type":"EntryPoint","urlTemplate":"https:\/\/www.silmageeli.fi\/?s={search_term_string}"},"query-input":{"@type":"PropertyValueSpecification","valueRequired":true,"valueName":"search_term_string"}}],"inLanguage":"fi"},{"@type":"Organization","@id":"https:\/\/www.silmageeli.fi\/#organization","name":"Silm\u00e4geeli","url":"https:\/\/www.silmageeli.fi\/","logo":{"@type":"ImageObject","inLanguage":"fi","@id":"https:\/\/www.silmageeli.fi\/#\/schema\/logo\/image\/","url":"https:\/\/www.silmageeli.fi\/wp-content\/uploads\/2020\/10\/cropped-silmageeli_logo_850px_215_px_sininen-1.png","contentUrl":"https:\/\/www.silmageeli.fi\/wp-content\/uploads\/2020\/10\/cropped-silmageeli_logo_850px_215_px_sininen-1.png","width":791,"height":190,"caption":"Silm\u00e4geeli"},"image":{"@id":"https:\/\/www.silmageeli.fi\/#\/schema\/logo\/image\/"},"sameAs":["https:\/\/www.facebook.com\/Silm\u00e4geelifi-102302801699477","https:\/\/www.instagram.com\/eyevisionofficial\/"]}]}},"_links":{"self":[{"href":"https:\/\/www.silmageeli.fi\/index.php?rest_route=\/wp\/v2\/pages\/363","targetHints":{"allow":["GET"]}}],"collection":[{"href":"https:\/\/www.silmageeli.fi\/index.php?rest_route=\/wp\/v2\/pages"}],"about":[{"href":"https:\/\/www.silmageeli.fi\/index.php?rest_route=\/wp\/v2\/types\/page"}],"author":[{"embeddable":true,"href":"https:\/\/www.silmageeli.fi\/index.php?rest_route=\/wp\/v2\/users\/1"}],"replies":[{"embeddable":true,"href":"https:\/\/www.silmageeli.fi\/index.php?rest_route=%2Fwp%2Fv2%2Fcomments&post=363"}],"version-history":[{"count":27,"href":"https:\/\/www.silmageeli.fi\/index.php?rest_route=\/wp\/v2\/pages\/363\/revisions"}],"predecessor-version":[{"id":947,"href":"https:\/\/www.silmageeli.fi\/index.php?rest_route=\/wp\/v2\/pages\/363\/revisions\/947"}],"wp:attachment":[{"href":"https:\/\/www.silmageeli.fi\/index.php?rest_route=%2Fwp%2Fv2%2Fmedia&parent=363"}],"curies":[{"name":"wp","href":"https:\/\/api.w.org\/{rel}","templated":true}]}}