{"id":387,"date":"2020-10-16T07:47:40","date_gmt":"2020-10-16T07:47:40","guid":{"rendered":"https:\/\/www.silmageeli.fi\/?page_id=387"},"modified":"2021-03-03T14:33:16","modified_gmt":"2021-03-03T12:33:16","slug":"jalleenmyyjaksi","status":"publish","type":"page","link":"https:\/\/www.silmageeli.fi\/?page_id=387","title":{"rendered":"J\u00e4lleenmyyj\u00e4ksi"},"content":{"rendered":"\t\t<div data-elementor-type=\"wp-page\" data-elementor-id=\"387\" class=\"elementor elementor-387\" data-elementor-post-type=\"page\">\n\t\t\t\t\t\t<section class=\"elementor-section elementor-top-section elementor-element elementor-element-a6562c0 elementor-section-stretched elementor-hidden-desktop elementor-section-boxed elementor-section-height-default elementor-section-height-default\" data-id=\"a6562c0\" data-element_type=\"section\" data-e-type=\"section\" data-settings=\"{&quot;stretch_section&quot;:&quot;section-stretched&quot;}\">\n\t\t\t\t\t\t<div class=\"elementor-container elementor-column-gap-default\">\n\t\t\t\t\t<div class=\"elementor-column elementor-col-100 elementor-top-column elementor-element elementor-element-1dc3be1\" data-id=\"1dc3be1\" data-element_type=\"column\" data-e-type=\"column\">\n\t\t\t<div class=\"elementor-widget-wrap elementor-element-populated\">\n\t\t\t\t\t\t<div class=\"elementor-element elementor-element-754699f elementor-nav-menu--stretch elementor-nav-menu--dropdown-mobile elementor-nav-menu__text-align-aside elementor-nav-menu--toggle elementor-nav-menu--burger elementor-widget elementor-widget-nav-menu\" data-id=\"754699f\" data-element_type=\"widget\" data-e-type=\"widget\" data-settings=\"{&quot;full_width&quot;:&quot;stretch&quot;,&quot;layout&quot;:&quot;horizontal&quot;,&quot;submenu_icon&quot;:{&quot;value&quot;:&quot;&lt;i class=\\&quot;fas fa-caret-down\\&quot;&gt;&lt;\\\/i&gt;&quot;,&quot;library&quot;:&quot;fa-solid&quot;},&quot;toggle&quot;:&quot;burger&quot;}\" data-widget_type=\"nav-menu.default\">\n\t\t\t\t<div class=\"elementor-widget-container\">\n\t\t\t\t\t\t\t\t<nav aria-label=\"Menu\" class=\"elementor-nav-menu--main elementor-nav-menu__container elementor-nav-menu--layout-horizontal e--pointer-underline e--animation-fade\">\n\t\t\t\t<ul id=\"menu-1-754699f\" class=\"elementor-nav-menu\"><li class=\"menu-item menu-item-type-post_type menu-item-object-page menu-item-home menu-item-403\"><a href=\"https:\/\/www.silmageeli.fi\/\" class=\"elementor-item\">Etusivu<\/a><\/li>\n<li class=\"menu-item menu-item-type-post_type menu-item-object-page menu-item-369\"><a href=\"https:\/\/www.silmageeli.fi\/?page_id=363\" class=\"elementor-item\">Tietosuojaseloste ja toimitusehdot<\/a><\/li>\n<li class=\"menu-item menu-item-type-post_type menu-item-object-page menu-item-487\"><a href=\"https:\/\/www.silmageeli.fi\/?page_id=387\" class=\"elementor-item\">J\u00e4lleenmyyj\u00e4ksi<\/a><\/li>\n<li class=\"menu-item menu-item-type-custom menu-item-object-custom menu-item-708\"><a href=\"https:\/\/kauppa.silmageeli.fi\" class=\"elementor-item\">Verkkokauppaan<\/a><\/li>\n<\/ul>\t\t\t<\/nav>\n\t\t\t\t\t<div class=\"elementor-menu-toggle\" role=\"button\" tabindex=\"0\" aria-label=\"Menu Toggle\" aria-expanded=\"false\">\n\t\t\t<i aria-hidden=\"true\" role=\"presentation\" class=\"elementor-menu-toggle__icon--open eicon-menu-bar\"><\/i><i aria-hidden=\"true\" role=\"presentation\" class=\"elementor-menu-toggle__icon--close eicon-close\"><\/i>\t\t<\/div>\n\t\t\t\t\t<nav class=\"elementor-nav-menu--dropdown elementor-nav-menu__container\" aria-hidden=\"true\">\n\t\t\t\t<ul id=\"menu-2-754699f\" class=\"elementor-nav-menu\"><li class=\"menu-item menu-item-type-post_type menu-item-object-page menu-item-home menu-item-403\"><a href=\"https:\/\/www.silmageeli.fi\/\" class=\"elementor-item\" tabindex=\"-1\">Etusivu<\/a><\/li>\n<li class=\"menu-item menu-item-type-post_type menu-item-object-page menu-item-369\"><a href=\"https:\/\/www.silmageeli.fi\/?page_id=363\" class=\"elementor-item\" tabindex=\"-1\">Tietosuojaseloste ja toimitusehdot<\/a><\/li>\n<li class=\"menu-item menu-item-type-post_type menu-item-object-page menu-item-487\"><a href=\"https:\/\/www.silmageeli.fi\/?page_id=387\" class=\"elementor-item\" tabindex=\"-1\">J\u00e4lleenmyyj\u00e4ksi<\/a><\/li>\n<li class=\"menu-item menu-item-type-custom menu-item-object-custom menu-item-708\"><a href=\"https:\/\/kauppa.silmageeli.fi\" class=\"elementor-item\" tabindex=\"-1\">Verkkokauppaan<\/a><\/li>\n<\/ul>\t\t\t<\/nav>\n\t\t\t\t\t\t<\/div>\n\t\t\t\t<\/div>\n\t\t\t\t\t<\/div>\n\t\t<\/div>\n\t\t\t\t\t<\/div>\n\t\t<\/section>\n\t\t\t\t<section class=\"elementor-section elementor-top-section elementor-element elementor-element-5237578 elementor-section-boxed elementor-section-height-default elementor-section-height-default\" data-id=\"5237578\" data-element_type=\"section\" data-e-type=\"section\">\n\t\t\t\t\t\t<div class=\"elementor-container elementor-column-gap-default\">\n\t\t\t\t\t<div class=\"elementor-column elementor-col-100 elementor-top-column elementor-element elementor-element-00959f2\" data-id=\"00959f2\" data-element_type=\"column\" data-e-type=\"column\">\n\t\t\t<div class=\"elementor-widget-wrap elementor-element-populated\">\n\t\t\t\t\t\t<div class=\"elementor-element elementor-element-eb3c022 elementor-widget elementor-widget-spacer\" data-id=\"eb3c022\" data-element_type=\"widget\" data-e-type=\"widget\" data-widget_type=\"spacer.default\">\n\t\t\t\t<div class=\"elementor-widget-container\">\n\t\t\t\t\t\t\t<div class=\"elementor-spacer\">\n\t\t\t<div class=\"elementor-spacer-inner\"><\/div>\n\t\t<\/div>\n\t\t\t\t\t\t<\/div>\n\t\t\t\t<\/div>\n\t\t\t\t\t<\/div>\n\t\t<\/div>\n\t\t\t\t\t<\/div>\n\t\t<\/section>\n\t\t\t\t<section class=\"elementor-section elementor-top-section elementor-element elementor-element-ed387e6 elementor-section-stretched elementor-section-boxed elementor-section-height-default elementor-section-height-default\" data-id=\"ed387e6\" data-element_type=\"section\" data-e-type=\"section\" data-settings=\"{&quot;stretch_section&quot;:&quot;section-stretched&quot;}\">\n\t\t\t\t\t\t\t<div class=\"elementor-background-overlay\"><\/div>\n\t\t\t\t\t\t\t<div class=\"elementor-container elementor-column-gap-default\">\n\t\t\t\t\t<div class=\"elementor-column elementor-col-100 elementor-top-column elementor-element elementor-element-9ed4afa\" data-id=\"9ed4afa\" data-element_type=\"column\" data-e-type=\"column\">\n\t\t\t<div class=\"elementor-widget-wrap elementor-element-populated\">\n\t\t\t\t\t\t<div class=\"elementor-element elementor-element-2efed0a elementor-widget elementor-widget-heading\" data-id=\"2efed0a\" data-element_type=\"widget\" data-e-type=\"widget\" data-widget_type=\"heading.default\">\n\t\t\t\t<div class=\"elementor-widget-container\">\n\t\t\t\t\t<h2 class=\"elementor-heading-title elementor-size-default\">Haluatko j\u00e4lleenmyyj\u00e4ksi?<\/h2>\t\t\t\t<\/div>\n\t\t\t\t<\/div>\n\t\t\t\t<div class=\"elementor-element elementor-element-be74a23 elementor-widget elementor-widget-text-editor\" data-id=\"be74a23\" data-element_type=\"widget\" data-e-type=\"widget\" data-widget_type=\"text-editor.default\">\n\t\t\t\t<div class=\"elementor-widget-container\">\n\t\t\t\t\t\t\t\t\t<p>Etsimme uusia j\u00e4lleenmyyji\u00e4 an-HyPro -silm\u00e4geelille koko Suomen alueelta.<\/p><p>Jos olet kiinnostunut myym\u00e4\u00e4n an-HyPro -silm\u00e4geeli\u00e4 asiakkaillesi, niin otathan yhteytt\u00e4 asiakaspalveluumme:<\/p><p><a href=\"mailto:asiakaspalvelu@silmageeli.fi\">asiakaspalvelu@silmageeli.fi<\/a><\/p>\t\t\t\t\t\t\t\t<\/div>\n\t\t\t\t<\/div>\n\t\t\t\t\t<\/div>\n\t\t<\/div>\n\t\t\t\t\t<\/div>\n\t\t<\/section>\n\t\t\t\t<section class=\"elementor-section elementor-top-section elementor-element elementor-element-936be3b elementor-section-boxed elementor-section-height-default elementor-section-height-default\" data-id=\"936be3b\" data-element_type=\"section\" data-e-type=\"section\">\n\t\t\t\t\t\t<div class=\"elementor-container elementor-column-gap-default\">\n\t\t\t\t\t<div class=\"elementor-column elementor-col-100 elementor-top-column elementor-element elementor-element-2deb8c9\" data-id=\"2deb8c9\" data-element_type=\"column\" data-e-type=\"column\">\n\t\t\t<div class=\"elementor-widget-wrap elementor-element-populated\">\n\t\t\t\t\t\t<div class=\"elementor-element elementor-element-b970895 elementor-widget elementor-widget-spacer\" data-id=\"b970895\" data-element_type=\"widget\" data-e-type=\"widget\" data-widget_type=\"spacer.default\">\n\t\t\t\t<div class=\"elementor-widget-container\">\n\t\t\t\t\t\t\t<div class=\"elementor-spacer\">\n\t\t\t<div class=\"elementor-spacer-inner\"><\/div>\n\t\t<\/div>\n\t\t\t\t\t\t<\/div>\n\t\t\t\t<\/div>\n\t\t\t\t\t<\/div>\n\t\t<\/div>\n\t\t\t\t\t<\/div>\n\t\t<\/section>\n\t\t\t\t<section class=\"elementor-section elementor-top-section elementor-element elementor-element-6814eb8 elementor-section-boxed elementor-section-height-default elementor-section-height-default\" data-id=\"6814eb8\" data-element_type=\"section\" data-e-type=\"section\">\n\t\t\t\t\t\t<div class=\"elementor-container elementor-column-gap-default\">\n\t\t\t\t\t<div class=\"elementor-column elementor-col-100 elementor-top-column elementor-element elementor-element-2adaf69\" data-id=\"2adaf69\" data-element_type=\"column\" data-e-type=\"column\">\n\t\t\t<div class=\"elementor-widget-wrap elementor-element-populated\">\n\t\t\t\t\t\t<div class=\"elementor-element elementor-element-08da157 elementor--h-position-center elementor--v-position-middle elementor-arrows-position-inside elementor-pagination-position-inside elementor-widget elementor-widget-slides\" data-id=\"08da157\" data-element_type=\"widget\" data-e-type=\"widget\" data-settings=\"{&quot;navigation&quot;:&quot;both&quot;,&quot;autoplay&quot;:&quot;yes&quot;,&quot;pause_on_hover&quot;:&quot;yes&quot;,&quot;pause_on_interaction&quot;:&quot;yes&quot;,&quot;autoplay_speed&quot;:5000,&quot;infinite&quot;:&quot;yes&quot;,&quot;transition&quot;:&quot;slide&quot;,&quot;transition_speed&quot;:500}\" data-widget_type=\"slides.default\">\n\t\t\t\t<div class=\"elementor-widget-container\">\n\t\t\t\t\t\t\t\t\t<div class=\"elementor-swiper\">\n\t\t\t\t\t<div class=\"elementor-slides-wrapper elementor-main-swiper swiper\" role=\"region\" aria-roledescription=\"carousel\" aria-label=\"Slides\" dir=\"ltr\" data-animation=\"fadeInUp\">\n\t\t\t\t<div class=\"swiper-wrapper elementor-slides\">\n\t\t\t\t\t\t\t\t\t\t<div class=\"elementor-repeater-item-84c183a swiper-slide\" role=\"group\" aria-roledescription=\"slide\"><div class=\"swiper-slide-bg elementor-ken-burns elementor-ken-burns--in\" role=\"img\"><\/div><div class=\"swiper-slide-inner\" ><div class=\"swiper-slide-contents\"><\/div><\/div><\/div><div class=\"elementor-repeater-item-bc4bbe9 swiper-slide\" role=\"group\" aria-roledescription=\"slide\"><div class=\"swiper-slide-bg\" role=\"img\"><\/div><div class=\"swiper-slide-inner\" ><div class=\"swiper-slide-contents\"><\/div><\/div><\/div>\t\t\t\t<\/div>\n\t\t\t\t\t\t\t\t\t\t\t\t\t\t\t<div class=\"elementor-swiper-button elementor-swiper-button-prev\" role=\"button\" tabindex=\"0\" aria-label=\"Previous slide\">\n\t\t\t\t\t\t\t<i aria-hidden=\"true\" class=\"eicon-chevron-left\"><\/i>\t\t\t\t\t\t<\/div>\n\t\t\t\t\t\t<div class=\"elementor-swiper-button elementor-swiper-button-next\" role=\"button\" tabindex=\"0\" aria-label=\"Next slide\">\n\t\t\t\t\t\t\t<i aria-hidden=\"true\" class=\"eicon-chevron-right\"><\/i>\t\t\t\t\t\t<\/div>\n\t\t\t\t\t\t\t\t\t\t\t\t\t\t\t\t<div class=\"swiper-pagination\"><\/div>\n\t\t\t\t\t\t\t\t\t\t\t\t<\/div>\n\t\t\t\t<\/div>\n\t\t\t\t\t\t\t\t<\/div>\n\t\t\t\t<\/div>\n\t\t\t\t\t<\/div>\n\t\t<\/div>\n\t\t\t\t\t<\/div>\n\t\t<\/section>\n\t\t\t\t<\/div>\n\t\t","protected":false},"excerpt":{"rendered":"<p>Haluatko j\u00e4lleenmyyj\u00e4ksi? Etsimme uusia j\u00e4lleenmyyji\u00e4 an-HyPro -silm\u00e4geelille koko Suomen alueelta. Jos olet kiinnostunut myym\u00e4\u00e4n an-HyPro -silm\u00e4geeli\u00e4 asiakkaillesi, niin otathan yhteytt\u00e4 asiakaspalveluumme: asiakaspalvelu@silmageeli.fi Previous Next<\/p>\n","protected":false},"author":1,"featured_media":0,"parent":0,"menu_order":0,"comment_status":"closed","ping_status":"closed","template":"","meta":{"footnotes":""},"class_list":["post-387","page","type-page","status-publish","hentry"],"yoast_head":"<!-- This site is optimized with the Yoast SEO plugin v26.8 - https:\/\/yoast.com\/product\/yoast-seo-wordpress\/ -->\n<title>AnHyPro-silm\u00e4geeli - Koiran kuivat silm\u00e4t - J\u00e4lleenmyyj\u00e4ksi -<\/title>\n<meta name=\"description\" content=\"Onko koirallasi kuivat silm\u00e4t? AnHyPro-silm\u00e4geeli on verraton apu, jos lemmikkisi silm\u00e4t tarvitsevat lis\u00e4\u00e4 kosteutta.\" \/>\n<meta name=\"robots\" content=\"index, follow, max-snippet:-1, max-image-preview:large, max-video-preview:-1\" \/>\n<link rel=\"canonical\" href=\"https:\/\/www.silmageeli.fi\/?page_id=387\" \/>\n<meta property=\"og:locale\" content=\"fi_FI\" \/>\n<meta property=\"og:type\" content=\"article\" \/>\n<meta property=\"og:title\" content=\"AnHyPro-silm\u00e4geeli - Koiran kuivat silm\u00e4t - J\u00e4lleenmyyj\u00e4ksi -\" \/>\n<meta property=\"og:description\" content=\"Onko koirallasi kuivat silm\u00e4t? AnHyPro-silm\u00e4geeli on verraton apu, jos lemmikkisi silm\u00e4t tarvitsevat lis\u00e4\u00e4 kosteutta.\" \/>\n<meta property=\"og:url\" content=\"https:\/\/www.silmageeli.fi\/?page_id=387\" \/>\n<meta property=\"article:publisher\" content=\"https:\/\/www.facebook.com\/Silm%c3%a4geelifi-102302801699477\" \/>\n<meta property=\"article:modified_time\" content=\"2021-03-03T12:33:16+00:00\" \/>\n<meta name=\"twitter:card\" content=\"summary_large_image\" \/>\n<meta name=\"twitter:label1\" content=\"Arvioitu lukuaika\" \/>\n\t<meta name=\"twitter:data1\" content=\"1 minuutti\" \/>\n<script type=\"application\/ld+json\" class=\"yoast-schema-graph\">{\"@context\":\"https:\/\/schema.org\",\"@graph\":[{\"@type\":\"WebPage\",\"@id\":\"https:\/\/www.silmageeli.fi\/?page_id=387\",\"url\":\"https:\/\/www.silmageeli.fi\/?page_id=387\",\"name\":\"AnHyPro-silm\u00e4geeli - Koiran kuivat silm\u00e4t - J\u00e4lleenmyyj\u00e4ksi -\",\"isPartOf\":{\"@id\":\"https:\/\/www.silmageeli.fi\/#website\"},\"datePublished\":\"2020-10-16T07:47:40+00:00\",\"dateModified\":\"2021-03-03T12:33:16+00:00\",\"description\":\"Onko koirallasi kuivat silm\u00e4t? AnHyPro-silm\u00e4geeli on verraton apu, jos lemmikkisi silm\u00e4t tarvitsevat lis\u00e4\u00e4 kosteutta.\",\"breadcrumb\":{\"@id\":\"https:\/\/www.silmageeli.fi\/?page_id=387#breadcrumb\"},\"inLanguage\":\"fi\",\"potentialAction\":[{\"@type\":\"ReadAction\",\"target\":[\"https:\/\/www.silmageeli.fi\/?page_id=387\"]}]},{\"@type\":\"BreadcrumbList\",\"@id\":\"https:\/\/www.silmageeli.fi\/?page_id=387#breadcrumb\",\"itemListElement\":[{\"@type\":\"ListItem\",\"position\":1,\"name\":\"Etusivu\",\"item\":\"https:\/\/www.silmageeli.fi\/\"},{\"@type\":\"ListItem\",\"position\":2,\"name\":\"J\u00e4lleenmyyj\u00e4ksi\"}]},{\"@type\":\"WebSite\",\"@id\":\"https:\/\/www.silmageeli.fi\/#website\",\"url\":\"https:\/\/www.silmageeli.fi\/\",\"name\":\"Silm\u00e4geeli\",\"description\":\"\",\"publisher\":{\"@id\":\"https:\/\/www.silmageeli.fi\/#organization\"},\"potentialAction\":[{\"@type\":\"SearchAction\",\"target\":{\"@type\":\"EntryPoint\",\"urlTemplate\":\"https:\/\/www.silmageeli.fi\/?s={search_term_string}\"},\"query-input\":{\"@type\":\"PropertyValueSpecification\",\"valueRequired\":true,\"valueName\":\"search_term_string\"}}],\"inLanguage\":\"fi\"},{\"@type\":\"Organization\",\"@id\":\"https:\/\/www.silmageeli.fi\/#organization\",\"name\":\"Silm\u00e4geeli\",\"url\":\"https:\/\/www.silmageeli.fi\/\",\"logo\":{\"@type\":\"ImageObject\",\"inLanguage\":\"fi\",\"@id\":\"https:\/\/www.silmageeli.fi\/#\/schema\/logo\/image\/\",\"url\":\"https:\/\/www.silmageeli.fi\/wp-content\/uploads\/2020\/10\/cropped-silmageeli_logo_850px_215_px_sininen-1.png\",\"contentUrl\":\"https:\/\/www.silmageeli.fi\/wp-content\/uploads\/2020\/10\/cropped-silmageeli_logo_850px_215_px_sininen-1.png\",\"width\":791,\"height\":190,\"caption\":\"Silm\u00e4geeli\"},\"image\":{\"@id\":\"https:\/\/www.silmageeli.fi\/#\/schema\/logo\/image\/\"},\"sameAs\":[\"https:\/\/www.facebook.com\/Silm\u00e4geelifi-102302801699477\",\"https:\/\/www.instagram.com\/eyevisionofficial\/\"]}]}<\/script>\n<!-- \/ Yoast SEO plugin. -->","yoast_head_json":{"title":"AnHyPro-silm\u00e4geeli - Koiran kuivat silm\u00e4t - J\u00e4lleenmyyj\u00e4ksi -","description":"Onko koirallasi kuivat silm\u00e4t? AnHyPro-silm\u00e4geeli on verraton apu, jos lemmikkisi silm\u00e4t tarvitsevat lis\u00e4\u00e4 kosteutta.","robots":{"index":"index","follow":"follow","max-snippet":"max-snippet:-1","max-image-preview":"max-image-preview:large","max-video-preview":"max-video-preview:-1"},"canonical":"https:\/\/www.silmageeli.fi\/?page_id=387","og_locale":"fi_FI","og_type":"article","og_title":"AnHyPro-silm\u00e4geeli - Koiran kuivat silm\u00e4t - J\u00e4lleenmyyj\u00e4ksi -","og_description":"Onko koirallasi kuivat silm\u00e4t? AnHyPro-silm\u00e4geeli on verraton apu, jos lemmikkisi silm\u00e4t tarvitsevat lis\u00e4\u00e4 kosteutta.","og_url":"https:\/\/www.silmageeli.fi\/?page_id=387","article_publisher":"https:\/\/www.facebook.com\/Silm%c3%a4geelifi-102302801699477","article_modified_time":"2021-03-03T12:33:16+00:00","twitter_card":"summary_large_image","twitter_misc":{"Arvioitu lukuaika":"1 minuutti"},"schema":{"@context":"https:\/\/schema.org","@graph":[{"@type":"WebPage","@id":"https:\/\/www.silmageeli.fi\/?page_id=387","url":"https:\/\/www.silmageeli.fi\/?page_id=387","name":"AnHyPro-silm\u00e4geeli - Koiran kuivat silm\u00e4t - J\u00e4lleenmyyj\u00e4ksi -","isPartOf":{"@id":"https:\/\/www.silmageeli.fi\/#website"},"datePublished":"2020-10-16T07:47:40+00:00","dateModified":"2021-03-03T12:33:16+00:00","description":"Onko koirallasi kuivat silm\u00e4t? AnHyPro-silm\u00e4geeli on verraton apu, jos lemmikkisi silm\u00e4t tarvitsevat lis\u00e4\u00e4 kosteutta.","breadcrumb":{"@id":"https:\/\/www.silmageeli.fi\/?page_id=387#breadcrumb"},"inLanguage":"fi","potentialAction":[{"@type":"ReadAction","target":["https:\/\/www.silmageeli.fi\/?page_id=387"]}]},{"@type":"BreadcrumbList","@id":"https:\/\/www.silmageeli.fi\/?page_id=387#breadcrumb","itemListElement":[{"@type":"ListItem","position":1,"name":"Etusivu","item":"https:\/\/www.silmageeli.fi\/"},{"@type":"ListItem","position":2,"name":"J\u00e4lleenmyyj\u00e4ksi"}]},{"@type":"WebSite","@id":"https:\/\/www.silmageeli.fi\/#website","url":"https:\/\/www.silmageeli.fi\/","name":"Silm\u00e4geeli","description":"","publisher":{"@id":"https:\/\/www.silmageeli.fi\/#organization"},"potentialAction":[{"@type":"SearchAction","target":{"@type":"EntryPoint","urlTemplate":"https:\/\/www.silmageeli.fi\/?s={search_term_string}"},"query-input":{"@type":"PropertyValueSpecification","valueRequired":true,"valueName":"search_term_string"}}],"inLanguage":"fi"},{"@type":"Organization","@id":"https:\/\/www.silmageeli.fi\/#organization","name":"Silm\u00e4geeli","url":"https:\/\/www.silmageeli.fi\/","logo":{"@type":"ImageObject","inLanguage":"fi","@id":"https:\/\/www.silmageeli.fi\/#\/schema\/logo\/image\/","url":"https:\/\/www.silmageeli.fi\/wp-content\/uploads\/2020\/10\/cropped-silmageeli_logo_850px_215_px_sininen-1.png","contentUrl":"https:\/\/www.silmageeli.fi\/wp-content\/uploads\/2020\/10\/cropped-silmageeli_logo_850px_215_px_sininen-1.png","width":791,"height":190,"caption":"Silm\u00e4geeli"},"image":{"@id":"https:\/\/www.silmageeli.fi\/#\/schema\/logo\/image\/"},"sameAs":["https:\/\/www.facebook.com\/Silm\u00e4geelifi-102302801699477","https:\/\/www.instagram.com\/eyevisionofficial\/"]}]}},"_links":{"self":[{"href":"https:\/\/www.silmageeli.fi\/index.php?rest_route=\/wp\/v2\/pages\/387","targetHints":{"allow":["GET"]}}],"collection":[{"href":"https:\/\/www.silmageeli.fi\/index.php?rest_route=\/wp\/v2\/pages"}],"about":[{"href":"https:\/\/www.silmageeli.fi\/index.php?rest_route=\/wp\/v2\/types\/page"}],"author":[{"embeddable":true,"href":"https:\/\/www.silmageeli.fi\/index.php?rest_route=\/wp\/v2\/users\/1"}],"replies":[{"embeddable":true,"href":"https:\/\/www.silmageeli.fi\/index.php?rest_route=%2Fwp%2Fv2%2Fcomments&post=387"}],"version-history":[{"count":77,"href":"https:\/\/www.silmageeli.fi\/index.php?rest_route=\/wp\/v2\/pages\/387\/revisions"}],"predecessor-version":[{"id":840,"href":"https:\/\/www.silmageeli.fi\/index.php?rest_route=\/wp\/v2\/pages\/387\/revisions\/840"}],"wp:attachment":[{"href":"https:\/\/www.silmageeli.fi\/index.php?rest_route=%2Fwp%2Fv2%2Fmedia&parent=387"}],"curies":[{"name":"wp","href":"https:\/\/api.w.org\/{rel}","templated":true}]}}